{"id":1233,"date":"2020-03-25T18:39:18","date_gmt":"2020-03-25T17:39:18","guid":{"rendered":"https:\/\/lacabossegourmandeeshop.com\/?post_type=product&#038;p=1233"},"modified":"2025-12-16T12:51:08","modified_gmt":"2025-12-16T11:51:08","slug":"enchanteur","status":"publish","type":"product","link":"https:\/\/lacabossegourmandeeshop.com\/?product=enchanteur","title":{"rendered":"Enchanteur"},"content":{"rendered":"<p><strong>*** Pour toute commande, merci de noter en commentaire la date et l&rsquo;heure de retrait en boutique ***<\/strong><\/p>\n<p>Biscuit au cacao (sans gluten) surmont\u00e9 d\u2019un coulis de framboises, d&rsquo;un cr\u00e9meux \u00e0 la vanille et d&rsquo;une fine feuille de nougatine, enrob\u00e9 d&rsquo;une mousse au chocolat 64% de Madagascar.<\/p>\n<p>A partager en famille ou entre amis. Propos\u00e9 \u00e0 partir de 4 personnes.<\/p>\n<p>&nbsp;<\/p>\n<p><em>Nous contacter pour toute commande au del\u00e0 de 8 personnes<\/em><\/p>\n<p>Allerg\u00e8nes : \u0152ufs, produits laitiers, fruits \u00e0 coques et soja<\/p>\n","protected":false},"excerpt":{"rendered":"<p>*** Pour toute commande, merci de noter en commentaire la date et l&rsquo;heure de retrait en boutique *** Biscuit au cacao (sans gluten) surmont\u00e9 d\u2019un coulis de framboises, d&rsquo;un cr\u00e9meux \u00e0 la vanille et d&rsquo;une fine feuille de nougatine, enrob\u00e9 d&rsquo;une mousse au chocolat 64% de Madagascar. A partager en famille ou entre amis. Propos\u00e9 [&hellip;]<\/p>\n","protected":false},"featured_media":5563,"template":"","meta":[],"product_brand":[],"product_cat":[83,22],"product_tag":[],"class_list":{"0":"post-1233","1":"product","2":"type-product","3":"status-publish","4":"has-post-thumbnail","6":"product_cat-entremets","7":"product_cat-patisserie","9":"entry","10":"has-media","12":"first","13":"outofstock","14":"shipping-taxable","15":"product-type-variable","16":"has-product-nav","17":"col","18":"span_1_of_4","19":"owp-content-center","20":"owp-thumbs-layout-horizontal","21":"owp-btn-big","22":"owp-tabs-layout-section","23":"has-no-thumbnails"},"_links":{"self":[{"href":"https:\/\/lacabossegourmandeeshop.com\/index.php?rest_route=\/wp\/v2\/product\/1233","targetHints":{"allow":["GET"]}}],"collection":[{"href":"https:\/\/lacabossegourmandeeshop.com\/index.php?rest_route=\/wp\/v2\/product"}],"about":[{"href":"https:\/\/lacabossegourmandeeshop.com\/index.php?rest_route=\/wp\/v2\/types\/product"}],"version-history":[{"count":8,"href":"https:\/\/lacabossegourmandeeshop.com\/index.php?rest_route=\/wp\/v2\/product\/1233\/revisions"}],"predecessor-version":[{"id":5247,"href":"https:\/\/lacabossegourmandeeshop.com\/index.php?rest_route=\/wp\/v2\/product\/1233\/revisions\/5247"}],"wp:featuredmedia":[{"embeddable":true,"href":"https:\/\/lacabossegourmandeeshop.com\/index.php?rest_route=\/wp\/v2\/media\/5563"}],"wp:attachment":[{"href":"https:\/\/lacabossegourmandeeshop.com\/index.php?rest_route=%2Fwp%2Fv2%2Fmedia&parent=1233"}],"wp:term":[{"taxonomy":"product_brand","embeddable":true,"href":"https:\/\/lacabossegourmandeeshop.com\/index.php?rest_route=%2Fwp%2Fv2%2Fproduct_brand&post=1233"},{"taxonomy":"product_cat","embeddable":true,"href":"https:\/\/lacabossegourmandeeshop.com\/index.php?rest_route=%2Fwp%2Fv2%2Fproduct_cat&post=1233"},{"taxonomy":"product_tag","embeddable":true,"href":"https:\/\/lacabossegourmandeeshop.com\/index.php?rest_route=%2Fwp%2Fv2%2Fproduct_tag&post=1233"}],"curies":[{"name":"wp","href":"https:\/\/api.w.org\/{rel}","templated":true}]}}