{"id":1263,"date":"2020-03-25T18:55:42","date_gmt":"2020-03-25T17:55:42","guid":{"rendered":"https:\/\/lacabossegourmandeeshop.com\/?post_type=product&#038;p=1263"},"modified":"2025-12-16T12:50:57","modified_gmt":"2025-12-16T11:50:57","slug":"douceur","status":"publish","type":"product","link":"https:\/\/lacabossegourmandeeshop.com\/?product=douceur","title":{"rendered":"Douceur"},"content":{"rendered":"<p><strong>*** Pour toute commande, merci de noter en commentaire la date et l&rsquo;heure de retrait en boutique ***<\/strong><\/p>\n<p>Biscuit au caf\u00e9, cr\u00e9meux \u00e0 la mandarine, mousse au caf\u00e9 blanc.<\/p>\n<p>Allerg\u00e8nes : Fruits \u00e0 coques, \u0153ufs, gluten, produits laitiers<\/p>\n<p>&nbsp;<\/p>\n","protected":false},"excerpt":{"rendered":"<p>*** Pour toute commande, merci de noter en commentaire la date et l&rsquo;heure de retrait en boutique *** Biscuit au caf\u00e9, cr\u00e9meux \u00e0 la mandarine, mousse au caf\u00e9 blanc. Allerg\u00e8nes : Fruits \u00e0 coques, \u0153ufs, gluten, produits laitiers &nbsp;<\/p>\n","protected":false},"featured_media":0,"template":"","meta":[],"product_brand":[],"product_cat":[83,22],"product_tag":[],"class_list":{"0":"post-1263","1":"product","2":"type-product","3":"status-publish","5":"product_cat-entremets","6":"product_cat-patisserie","8":"entry","10":"first","11":"outofstock","12":"shipping-taxable","13":"product-type-variable","14":"has-product-nav","15":"col","16":"span_1_of_4","17":"owp-content-center","18":"owp-thumbs-layout-horizontal","19":"owp-btn-big","20":"owp-tabs-layout-section","21":"has-no-thumbnails"},"_links":{"self":[{"href":"https:\/\/lacabossegourmandeeshop.com\/index.php?rest_route=\/wp\/v2\/product\/1263","targetHints":{"allow":["GET"]}}],"collection":[{"href":"https:\/\/lacabossegourmandeeshop.com\/index.php?rest_route=\/wp\/v2\/product"}],"about":[{"href":"https:\/\/lacabossegourmandeeshop.com\/index.php?rest_route=\/wp\/v2\/types\/product"}],"version-history":[{"count":12,"href":"https:\/\/lacabossegourmandeeshop.com\/index.php?rest_route=\/wp\/v2\/product\/1263\/revisions"}],"predecessor-version":[{"id":5590,"href":"https:\/\/lacabossegourmandeeshop.com\/index.php?rest_route=\/wp\/v2\/product\/1263\/revisions\/5590"}],"wp:attachment":[{"href":"https:\/\/lacabossegourmandeeshop.com\/index.php?rest_route=%2Fwp%2Fv2%2Fmedia&parent=1263"}],"wp:term":[{"taxonomy":"product_brand","embeddable":true,"href":"https:\/\/lacabossegourmandeeshop.com\/index.php?rest_route=%2Fwp%2Fv2%2Fproduct_brand&post=1263"},{"taxonomy":"product_cat","embeddable":true,"href":"https:\/\/lacabossegourmandeeshop.com\/index.php?rest_route=%2Fwp%2Fv2%2Fproduct_cat&post=1263"},{"taxonomy":"product_tag","embeddable":true,"href":"https:\/\/lacabossegourmandeeshop.com\/index.php?rest_route=%2Fwp%2Fv2%2Fproduct_tag&post=1263"}],"curies":[{"name":"wp","href":"https:\/\/api.w.org\/{rel}","templated":true}]}}