{"id":2500,"date":"2020-08-30T14:19:53","date_gmt":"2020-08-30T12:19:53","guid":{"rendered":"https:\/\/lacabossegourmandeeshop.com\/?post_type=product&#038;p=2500"},"modified":"2025-12-16T12:50:46","modified_gmt":"2025-12-16T11:50:46","slug":"sucycien","status":"publish","type":"product","link":"https:\/\/lacabossegourmandeeshop.com\/?product=sucycien","title":{"rendered":"Carr\u00e9 Passion"},"content":{"rendered":"<p><strong>*** Pour toute commande, merci de noter en commentaire la date et l&rsquo;heure de retrait en boutique ***<\/strong><\/p>\n<p>Biscuit \u00e0 la ch\u00e2taigne, cr\u00e9meux au marron, confit de griotte, mousse au chocolat au lait<\/p>\n<p>A partager en famille ou entre amis. Propos\u00e9 \u00e0 partir de 4 personnes.<\/p>\n<p>Biscuit \u00e0 la noix de coco, mousse \u00e0 la vanille, coulis Abricot &#8211; Passion<\/p>\n<p><em>Nous contacter pour toute commande au del\u00e0 de 8 personnes<\/em><\/p>\n<p>Allerg\u00e8nes : \u0152ufs, produits laitiers, fruits \u00e0 coques, gluten<\/p>\n<p>&nbsp;<\/p>\n","protected":false},"excerpt":{"rendered":"<p>*** Pour toute commande, merci de noter en commentaire la date et l&rsquo;heure de retrait en boutique *** Biscuit \u00e0 la ch\u00e2taigne, cr\u00e9meux au marron, confit de griotte, mousse au chocolat au lait A partager en famille ou entre amis. Propos\u00e9 \u00e0 partir de 4 personnes. Biscuit \u00e0 la noix de coco, mousse \u00e0 la [&hellip;]<\/p>\n","protected":false},"featured_media":0,"template":"","meta":[],"product_brand":[],"product_cat":[83,22],"product_tag":[],"class_list":{"0":"post-2500","1":"product","2":"type-product","3":"status-publish","5":"product_cat-entremets","6":"product_cat-patisserie","8":"entry","10":"first","11":"outofstock","12":"shipping-taxable","13":"product-type-variable","14":"has-product-nav","15":"col","16":"span_1_of_4","17":"owp-content-center","18":"owp-thumbs-layout-horizontal","19":"owp-btn-big","20":"owp-tabs-layout-section","21":"has-no-thumbnails"},"_links":{"self":[{"href":"https:\/\/lacabossegourmandeeshop.com\/index.php?rest_route=\/wp\/v2\/product\/2500","targetHints":{"allow":["GET"]}}],"collection":[{"href":"https:\/\/lacabossegourmandeeshop.com\/index.php?rest_route=\/wp\/v2\/product"}],"about":[{"href":"https:\/\/lacabossegourmandeeshop.com\/index.php?rest_route=\/wp\/v2\/types\/product"}],"version-history":[{"count":7,"href":"https:\/\/lacabossegourmandeeshop.com\/index.php?rest_route=\/wp\/v2\/product\/2500\/revisions"}],"predecessor-version":[{"id":5589,"href":"https:\/\/lacabossegourmandeeshop.com\/index.php?rest_route=\/wp\/v2\/product\/2500\/revisions\/5589"}],"wp:attachment":[{"href":"https:\/\/lacabossegourmandeeshop.com\/index.php?rest_route=%2Fwp%2Fv2%2Fmedia&parent=2500"}],"wp:term":[{"taxonomy":"product_brand","embeddable":true,"href":"https:\/\/lacabossegourmandeeshop.com\/index.php?rest_route=%2Fwp%2Fv2%2Fproduct_brand&post=2500"},{"taxonomy":"product_cat","embeddable":true,"href":"https:\/\/lacabossegourmandeeshop.com\/index.php?rest_route=%2Fwp%2Fv2%2Fproduct_cat&post=2500"},{"taxonomy":"product_tag","embeddable":true,"href":"https:\/\/lacabossegourmandeeshop.com\/index.php?rest_route=%2Fwp%2Fv2%2Fproduct_tag&post=2500"}],"curies":[{"name":"wp","href":"https:\/\/api.w.org\/{rel}","templated":true}]}}