{"id":2512,"date":"2020-08-30T14:30:21","date_gmt":"2020-08-30T12:30:21","guid":{"rendered":"https:\/\/lacabossegourmandeeshop.com\/?post_type=product&#038;p=2512"},"modified":"2025-12-16T12:50:36","modified_gmt":"2025-12-16T11:50:36","slug":"tiramisu-fruits-rouges","status":"publish","type":"product","link":"https:\/\/lacabossegourmandeeshop.com\/?product=tiramisu-fruits-rouges","title":{"rendered":"D\u00e9sir Choco"},"content":{"rendered":"<p><strong>*** Pour toute commande, merci de noter en commentaire la date et l&rsquo;heure de retrait en boutique ***<\/strong><\/p>\n<p>Biscuit au chocolat, Cr\u00e9meux au chocolat, mousse au chocolat 72 %.<\/p>\n<p>A partager en famille ou entre amis. Propos\u00e9 \u00e0 partir de 4 personnes.<\/p>\n<p><em>Nous contacter pour toute commande au del\u00e0 de 8 personnes<\/em><\/p>\n<p>Allerg\u00e8nes : \u0152ufs, produits laitiers, fruits \u00e0 coques<\/p>\n","protected":false},"excerpt":{"rendered":"<p>*** Pour toute commande, merci de noter en commentaire la date et l&rsquo;heure de retrait en boutique *** Biscuit au chocolat, Cr\u00e9meux au chocolat, mousse au chocolat 72 %. A partager en famille ou entre amis. Propos\u00e9 \u00e0 partir de 4 personnes. Nous contacter pour toute commande au del\u00e0 de 8 personnes Allerg\u00e8nes : \u0152ufs, [&hellip;]<\/p>\n","protected":false},"featured_media":0,"template":"","meta":[],"product_brand":[],"product_cat":[83,22],"product_tag":[],"class_list":{"0":"post-2512","1":"product","2":"type-product","3":"status-publish","5":"product_cat-entremets","6":"product_cat-patisserie","8":"entry","10":"first","11":"outofstock","12":"shipping-taxable","13":"purchasable","14":"product-type-variable","15":"has-product-nav","16":"col","17":"span_1_of_4","18":"owp-content-center","19":"owp-thumbs-layout-horizontal","20":"owp-btn-big","21":"owp-tabs-layout-section","22":"has-no-thumbnails"},"_links":{"self":[{"href":"https:\/\/lacabossegourmandeeshop.com\/index.php?rest_route=\/wp\/v2\/product\/2512","targetHints":{"allow":["GET"]}}],"collection":[{"href":"https:\/\/lacabossegourmandeeshop.com\/index.php?rest_route=\/wp\/v2\/product"}],"about":[{"href":"https:\/\/lacabossegourmandeeshop.com\/index.php?rest_route=\/wp\/v2\/types\/product"}],"version-history":[{"count":9,"href":"https:\/\/lacabossegourmandeeshop.com\/index.php?rest_route=\/wp\/v2\/product\/2512\/revisions"}],"predecessor-version":[{"id":5588,"href":"https:\/\/lacabossegourmandeeshop.com\/index.php?rest_route=\/wp\/v2\/product\/2512\/revisions\/5588"}],"wp:attachment":[{"href":"https:\/\/lacabossegourmandeeshop.com\/index.php?rest_route=%2Fwp%2Fv2%2Fmedia&parent=2512"}],"wp:term":[{"taxonomy":"product_brand","embeddable":true,"href":"https:\/\/lacabossegourmandeeshop.com\/index.php?rest_route=%2Fwp%2Fv2%2Fproduct_brand&post=2512"},{"taxonomy":"product_cat","embeddable":true,"href":"https:\/\/lacabossegourmandeeshop.com\/index.php?rest_route=%2Fwp%2Fv2%2Fproduct_cat&post=2512"},{"taxonomy":"product_tag","embeddable":true,"href":"https:\/\/lacabossegourmandeeshop.com\/index.php?rest_route=%2Fwp%2Fv2%2Fproduct_tag&post=2512"}],"curies":[{"name":"wp","href":"https:\/\/api.w.org\/{rel}","templated":true}]}}